{"id":22,"date":"2018-09-23T15:48:38","date_gmt":"2018-09-23T13:48:38","guid":{"rendered":"http:\/\/bva.sk\/?page_id=22"},"modified":"2024-11-30T17:40:53","modified_gmt":"2024-11-30T16:40:53","slug":"kontakt","status":"publish","type":"page","link":"https:\/\/bva.sk\/index.php\/kontakt\/","title":{"rendered":"Kontakt"},"content":{"rendered":"<p><strong>B.V.A. s.r.o.<\/strong><\/p>\n<p>Mu\u0161k\u00e1tov\u00e1 46<\/p>\n<p>821 01 Bratislava<\/p>\n<p>Slovensko (Slovakia)<\/p>\n<hr \/>\n<p>E-mail\u00a0 \u00a0 <a href=\"mailto:info@bva.sk\">info@bva.sk<\/a><\/p>\n","protected":false},"excerpt":{"rendered":"<p>B.V.A. s.r.o. Mu\u0161k\u00e1tov\u00e1 46 821 01 Bratislava Slovensko (Slovakia) E-mail\u00a0 \u00a0 info@bva.sk<\/p>\n","protected":false},"author":1,"featured_media":0,"parent":0,"menu_order":0,"comment_status":"closed","ping_status":"closed","template":"","meta":[],"_links":{"self":[{"href":"https:\/\/bva.sk\/index.php\/wp-json\/wp\/v2\/pages\/22"}],"collection":[{"href":"https:\/\/bva.sk\/index.php\/wp-json\/wp\/v2\/pages"}],"about":[{"href":"https:\/\/bva.sk\/index.php\/wp-json\/wp\/v2\/types\/page"}],"author":[{"embeddable":true,"href":"https:\/\/bva.sk\/index.php\/wp-json\/wp\/v2\/users\/1"}],"replies":[{"embeddable":true,"href":"https:\/\/bva.sk\/index.php\/wp-json\/wp\/v2\/comments?post=22"}],"version-history":[{"count":15,"href":"https:\/\/bva.sk\/index.php\/wp-json\/wp\/v2\/pages\/22\/revisions"}],"predecessor-version":[{"id":693,"href":"https:\/\/bva.sk\/index.php\/wp-json\/wp\/v2\/pages\/22\/revisions\/693"}],"wp:attachment":[{"href":"https:\/\/bva.sk\/index.php\/wp-json\/wp\/v2\/media?parent=22"}],"curies":[{"name":"wp","href":"https:\/\/api.w.org\/{rel}","templated":true}]}}